{"id":2524,"date":"2022-11-21T11:24:51","date_gmt":"2022-11-21T11:24:51","guid":{"rendered":"http:\/\/apteekkiesplanad.fi\/?page_id=2524"},"modified":"2022-11-22T08:25:45","modified_gmt":"2022-11-22T08:25:45","slug":"kontakt","status":"publish","type":"page","link":"https:\/\/apteekkiesplanad.fi\/sv\/kontakt\/","title":{"rendered":"Kontaktuppgifter"},"content":{"rendered":"\t\t<div data-elementor-type=\"wp-page\" data-elementor-id=\"2524\" class=\"elementor elementor-2524 elementor-2509\" data-elementor-post-type=\"page\">\n\t\t\t\t<div class=\"elementor-element elementor-element-c36338d reset-all e-flex e-con-boxed e-con e-parent\" data-id=\"c36338d\" data-element_type=\"container\" data-e-type=\"container\">\n\t\t\t\t\t<div class=\"e-con-inner\">\n\t\t\t\t<div class=\"elementor-element elementor-element-c46abca elementor-widget elementor-widget-heading\" data-id=\"c46abca\" data-element_type=\"widget\" data-e-type=\"widget\" data-widget_type=\"heading.default\">\n\t\t\t\t<div class=\"elementor-widget-container\">\n\t\t\t\t\t<h2 class=\"elementor-heading-title elementor-size-large\">Apoteket Esplanad\n<p style=\"font-size: 16.2px;white-space: normal\">Kanalesplanaden 19<br>68600 Jakobstad<\/p><p style=\"font-size: 16.2px;white-space: normal\">tel. 06 7888 090<br>apteekki.esplanad@apteekit.net<span style=\"color: var( --e-global-color-primary );font-family: var( --e-global-typography-primary-font-family ), Sans-serif;font-size: 29px;font-weight: var( --e-global-typography-primary-font-weight );white-space: pre-wrap;text-align: var(--text-align)\"><\/span><\/p><\/h2>\t\t\t\t<\/div>\n\t\t\t\t<\/div>\n\t\t\t\t<div class=\"elementor-element elementor-element-aa10520 elementor-widget elementor-widget-google_maps\" data-id=\"aa10520\" data-element_type=\"widget\" data-e-type=\"widget\" data-widget_type=\"google_maps.default\">\n\t\t\t\t<div class=\"elementor-widget-container\">\n\t\t\t\t\t\t\t<div class=\"elementor-custom-embed\">\n\t\t\t<iframe loading=\"lazy\"\n\t\t\t\t\tsrc=\"https:\/\/maps.google.com\/maps?q=Kanavapuistikko%2019%2068600%20Pietarsaari&#038;t=m&#038;z=17&#038;output=embed&#038;iwloc=near\"\n\t\t\t\t\ttitle=\"Kanavapuistikko 19 68600 Pietarsaari\"\n\t\t\t\t\taria-label=\"Kanavapuistikko 19 68600 Pietarsaari\"\n\t\t\t><\/iframe>\n\t\t<\/div>\n\t\t\t\t\t\t<\/div>\n\t\t\t\t<\/div>\n\t\t\t\t\t<\/div>\n\t\t\t\t<\/div>\n\t\t<div class=\"elementor-element elementor-element-45742b9 reset-all e-flex e-con-boxed e-con e-parent\" data-id=\"45742b9\" data-element_type=\"container\" data-e-type=\"container\">\n\t\t\t\t\t<div class=\"e-con-inner\">\n\t\t\t\t<div class=\"elementor-element elementor-element-6f68844 elementor-widget elementor-widget-heading\" data-id=\"6f68844\" data-element_type=\"widget\" data-e-type=\"widget\" data-widget_type=\"heading.default\">\n\t\t\t\t<div class=\"elementor-widget-container\">\n\t\t\t\t\t<h2 class=\"elementor-heading-title elementor-size-large\">Benn\u00e4s Apotek<br><p style=\"font-size: 16.2px;white-space: normal\">Vasav\u00e4gen 1 (AX kulturhuset)<br>68910 Benn\u00e4s<\/p><p style=\"font-size: 16.2px;white-space: normal\">tel. 020 775 9560<br><span style=\"font-family: var( --e-global-typography-primary-font-family ), Sans-serif;font-weight: var( --e-global-typography-primary-font-weight );text-align: var(--text-align);font-size: 16.2px\">bennas.apotek@apteekit.net<\/span><span style=\"color: var( --e-global-color-primary );font-family: var( --e-global-typography-primary-font-family ), Sans-serif;font-size: 29px;font-weight: var( --e-global-typography-primary-font-weight );white-space: pre-wrap;text-align: var(--text-align)\"><\/span><\/p><\/h2>\t\t\t\t<\/div>\n\t\t\t\t<\/div>\n\t\t\t\t<div class=\"elementor-element elementor-element-ccb1f16 elementor-widget elementor-widget-google_maps\" data-id=\"ccb1f16\" data-element_type=\"widget\" data-e-type=\"widget\" data-widget_type=\"google_maps.default\">\n\t\t\t\t<div class=\"elementor-widget-container\">\n\t\t\t\t\t\t\t<div class=\"elementor-custom-embed\">\n\t\t\t<iframe loading=\"lazy\"\n\t\t\t\t\tsrc=\"https:\/\/maps.google.com\/maps?q=Vaasantie%201%20P%C3%A4nn%C3%A4inen&#038;t=m&#038;z=17&#038;output=embed&#038;iwloc=near\"\n\t\t\t\t\ttitle=\"Vaasantie 1 P\u00e4nn\u00e4inen\"\n\t\t\t\t\taria-label=\"Vaasantie 1 P\u00e4nn\u00e4inen\"\n\t\t\t><\/iframe>\n\t\t<\/div>\n\t\t\t\t\t\t<\/div>\n\t\t\t\t<\/div>\n\t\t\t\t\t<\/div>\n\t\t\t\t<\/div>\n\t\t\t\t<\/div>\n\t\t","protected":false},"excerpt":{"rendered":"<p>Apoteket Esplanad Kanalesplanaden 1968600 Jakobstad tel. 06 7888 090apteekki.esplanad@apteekit.net Benn\u00e4s Apotek Vasav\u00e4gen 1 (AX kulturhuset)68910 Benn\u00e4s tel. 020 775 9560bennas.apotek@apteekit.net<\/p>\n","protected":false},"author":1,"featured_media":0,"parent":0,"menu_order":0,"comment_status":"closed","ping_status":"closed","template":"","meta":{"_acf_changed":false,"footnotes":""},"class_list":["post-2524","page","type-page","status-publish","hentry"],"acf":[],"yoast_head":"<!-- This site is optimized with the Yoast SEO plugin v26.9 - https:\/\/yoast.com\/product\/yoast-seo-wordpress\/ -->\n<title>Kontaktuppgifter - Apoteket Esplanad<\/title>\n<meta name=\"robots\" content=\"index, follow, max-snippet:-1, max-image-preview:large, max-video-preview:-1\" \/>\n<link rel=\"canonical\" href=\"https:\/\/apteekkiesplanad.fi\/sv\/kontakt\/\" \/>\n<meta property=\"og:locale\" content=\"sv_SE\" \/>\n<meta property=\"og:type\" content=\"article\" \/>\n<meta property=\"og:title\" content=\"Kontaktuppgifter - Apoteket Esplanad\" \/>\n<meta property=\"og:description\" content=\"Apoteket Esplanad Kanalesplanaden 1968600 Jakobstad tel. 06 7888 090apteekki.esplanad@apteekit.net Benn\u00e4s Apotek Vasav\u00e4gen 1 (AX kulturhuset)68910 Benn\u00e4s tel. 020 775 9560bennas.apotek@apteekit.net\" \/>\n<meta property=\"og:url\" content=\"https:\/\/apteekkiesplanad.fi\/sv\/kontakt\/\" \/>\n<meta property=\"og:site_name\" content=\"Apoteket Esplanad\" \/>\n<meta property=\"article:publisher\" content=\"https:\/\/www.facebook.com\/103263595892976\" \/>\n<meta property=\"article:modified_time\" content=\"2022-11-22T08:25:45+00:00\" \/>\n<meta name=\"twitter:card\" content=\"summary_large_image\" \/>\n<script type=\"application\/ld+json\" class=\"yoast-schema-graph\">{\"@context\":\"https:\/\/schema.org\",\"@graph\":[{\"@type\":\"WebPage\",\"@id\":\"https:\/\/apteekkiesplanad.fi\/sv\/kontakt\/\",\"url\":\"https:\/\/apteekkiesplanad.fi\/sv\/kontakt\/\",\"name\":\"Kontaktuppgifter - Apoteket Esplanad\",\"isPartOf\":{\"@id\":\"https:\/\/apteekkiesplanad.fi\/sv\/#website\"},\"datePublished\":\"2022-11-21T11:24:51+00:00\",\"dateModified\":\"2022-11-22T08:25:45+00:00\",\"breadcrumb\":{\"@id\":\"https:\/\/apteekkiesplanad.fi\/sv\/kontakt\/#breadcrumb\"},\"inLanguage\":\"sv-SE\",\"potentialAction\":[{\"@type\":\"ReadAction\",\"target\":[\"https:\/\/apteekkiesplanad.fi\/sv\/kontakt\/\"]}]},{\"@type\":\"BreadcrumbList\",\"@id\":\"https:\/\/apteekkiesplanad.fi\/sv\/kontakt\/#breadcrumb\",\"itemListElement\":[{\"@type\":\"ListItem\",\"position\":1,\"name\":\"Home\",\"item\":\"https:\/\/apteekkiesplanad.fi\/sv\/\"},{\"@type\":\"ListItem\",\"position\":2,\"name\":\"Kontaktuppgifter\"}]},{\"@type\":\"WebSite\",\"@id\":\"https:\/\/apteekkiesplanad.fi\/sv\/#website\",\"url\":\"https:\/\/apteekkiesplanad.fi\/sv\/\",\"name\":\"Apoteket Esplanad\",\"description\":\"Betj\u00e4nar Dig varje dag p\u00e5 g\u00e5gatan i Jakobstad intill Halpa-Halli.\",\"publisher\":{\"@id\":\"https:\/\/apteekkiesplanad.fi\/sv\/#organization\"},\"potentialAction\":[{\"@type\":\"SearchAction\",\"target\":{\"@type\":\"EntryPoint\",\"urlTemplate\":\"https:\/\/apteekkiesplanad.fi\/sv\/?s={search_term_string}\"},\"query-input\":{\"@type\":\"PropertyValueSpecification\",\"valueRequired\":true,\"valueName\":\"search_term_string\"}}],\"inLanguage\":\"sv-SE\"},{\"@type\":\"Organization\",\"@id\":\"https:\/\/apteekkiesplanad.fi\/sv\/#organization\",\"name\":\"Apoteket Esplanad\",\"url\":\"https:\/\/apteekkiesplanad.fi\/sv\/\",\"logo\":{\"@type\":\"ImageObject\",\"inLanguage\":\"sv-SE\",\"@id\":\"https:\/\/apteekkiesplanad.fi\/sv\/#\/schema\/logo\/image\/\",\"url\":\"https:\/\/apteekkiesplanad.fi\/wp-content\/uploads\/2022\/10\/apteekki-esplanad-og-img_400x400.jpg\",\"contentUrl\":\"https:\/\/apteekkiesplanad.fi\/wp-content\/uploads\/2022\/10\/apteekki-esplanad-og-img_400x400.jpg\",\"width\":400,\"height\":400,\"caption\":\"Apoteket Esplanad\"},\"image\":{\"@id\":\"https:\/\/apteekkiesplanad.fi\/sv\/#\/schema\/logo\/image\/\"},\"sameAs\":[\"https:\/\/www.facebook.com\/103263595892976\"]}]}<\/script>\n<!-- \/ Yoast SEO plugin. -->","yoast_head_json":{"title":"Kontaktuppgifter - Apoteket Esplanad","robots":{"index":"index","follow":"follow","max-snippet":"max-snippet:-1","max-image-preview":"max-image-preview:large","max-video-preview":"max-video-preview:-1"},"canonical":"https:\/\/apteekkiesplanad.fi\/sv\/kontakt\/","og_locale":"sv_SE","og_type":"article","og_title":"Kontaktuppgifter - Apoteket Esplanad","og_description":"Apoteket Esplanad Kanalesplanaden 1968600 Jakobstad tel. 06 7888 090apteekki.esplanad@apteekit.net Benn\u00e4s Apotek Vasav\u00e4gen 1 (AX kulturhuset)68910 Benn\u00e4s tel. 020 775 9560bennas.apotek@apteekit.net","og_url":"https:\/\/apteekkiesplanad.fi\/sv\/kontakt\/","og_site_name":"Apoteket Esplanad","article_publisher":"https:\/\/www.facebook.com\/103263595892976","article_modified_time":"2022-11-22T08:25:45+00:00","twitter_card":"summary_large_image","schema":{"@context":"https:\/\/schema.org","@graph":[{"@type":"WebPage","@id":"https:\/\/apteekkiesplanad.fi\/sv\/kontakt\/","url":"https:\/\/apteekkiesplanad.fi\/sv\/kontakt\/","name":"Kontaktuppgifter - Apoteket Esplanad","isPartOf":{"@id":"https:\/\/apteekkiesplanad.fi\/sv\/#website"},"datePublished":"2022-11-21T11:24:51+00:00","dateModified":"2022-11-22T08:25:45+00:00","breadcrumb":{"@id":"https:\/\/apteekkiesplanad.fi\/sv\/kontakt\/#breadcrumb"},"inLanguage":"sv-SE","potentialAction":[{"@type":"ReadAction","target":["https:\/\/apteekkiesplanad.fi\/sv\/kontakt\/"]}]},{"@type":"BreadcrumbList","@id":"https:\/\/apteekkiesplanad.fi\/sv\/kontakt\/#breadcrumb","itemListElement":[{"@type":"ListItem","position":1,"name":"Home","item":"https:\/\/apteekkiesplanad.fi\/sv\/"},{"@type":"ListItem","position":2,"name":"Kontaktuppgifter"}]},{"@type":"WebSite","@id":"https:\/\/apteekkiesplanad.fi\/sv\/#website","url":"https:\/\/apteekkiesplanad.fi\/sv\/","name":"Apoteket Esplanad","description":"Betj\u00e4nar Dig varje dag p\u00e5 g\u00e5gatan i Jakobstad intill Halpa-Halli.","publisher":{"@id":"https:\/\/apteekkiesplanad.fi\/sv\/#organization"},"potentialAction":[{"@type":"SearchAction","target":{"@type":"EntryPoint","urlTemplate":"https:\/\/apteekkiesplanad.fi\/sv\/?s={search_term_string}"},"query-input":{"@type":"PropertyValueSpecification","valueRequired":true,"valueName":"search_term_string"}}],"inLanguage":"sv-SE"},{"@type":"Organization","@id":"https:\/\/apteekkiesplanad.fi\/sv\/#organization","name":"Apoteket Esplanad","url":"https:\/\/apteekkiesplanad.fi\/sv\/","logo":{"@type":"ImageObject","inLanguage":"sv-SE","@id":"https:\/\/apteekkiesplanad.fi\/sv\/#\/schema\/logo\/image\/","url":"https:\/\/apteekkiesplanad.fi\/wp-content\/uploads\/2022\/10\/apteekki-esplanad-og-img_400x400.jpg","contentUrl":"https:\/\/apteekkiesplanad.fi\/wp-content\/uploads\/2022\/10\/apteekki-esplanad-og-img_400x400.jpg","width":400,"height":400,"caption":"Apoteket Esplanad"},"image":{"@id":"https:\/\/apteekkiesplanad.fi\/sv\/#\/schema\/logo\/image\/"},"sameAs":["https:\/\/www.facebook.com\/103263595892976"]}]}},"_links":{"self":[{"href":"https:\/\/apteekkiesplanad.fi\/sv\/wp-json\/wp\/v2\/pages\/2524","targetHints":{"allow":["GET"]}}],"collection":[{"href":"https:\/\/apteekkiesplanad.fi\/sv\/wp-json\/wp\/v2\/pages"}],"about":[{"href":"https:\/\/apteekkiesplanad.fi\/sv\/wp-json\/wp\/v2\/types\/page"}],"author":[{"embeddable":true,"href":"https:\/\/apteekkiesplanad.fi\/sv\/wp-json\/wp\/v2\/users\/1"}],"replies":[{"embeddable":true,"href":"https:\/\/apteekkiesplanad.fi\/sv\/wp-json\/wp\/v2\/comments?post=2524"}],"version-history":[{"count":0,"href":"https:\/\/apteekkiesplanad.fi\/sv\/wp-json\/wp\/v2\/pages\/2524\/revisions"}],"wp:attachment":[{"href":"https:\/\/apteekkiesplanad.fi\/sv\/wp-json\/wp\/v2\/media?parent=2524"}],"curies":[{"name":"wp","href":"https:\/\/api.w.org\/{rel}","templated":true}]}}